{"id":134,"date":"2023-02-14T17:50:16","date_gmt":"2023-02-15T00:50:16","guid":{"rendered":"https:\/\/mindcrowd.org\/es\/?page_id=134"},"modified":"2024-10-19T14:56:30","modified_gmt":"2024-10-19T21:56:30","slug":"politica-de-privacidad","status":"publish","type":"page","link":"https:\/\/mindcrowd.org\/es\/politica-de-privacidad\/","title":{"rendered":"Pol\u00edtica de Privacidad"},"content":{"rendered":"<div id='av_section_1'  class='avia-section av-dze0m-7e6d63c5f4a3facc6b8c8e6befac2c58 main_color avia-section-default avia-no-border-styling  avia-builder-el-0  avia-builder-el-no-sibling  avia-bg-style-scroll container_wrap fullsize'  ><div class='container av-section-cont-open' ><main  role=\"main\" itemprop=\"mainContentOfPage\"  class='template-page content  av-content-full alpha units'><div class='post-entry post-entry-type-page post-entry-134'><div class='entry-content-wrapper clearfix'>\n\n<style type=\"text\/css\" data-created_by=\"avia_inline_auto\" id=\"style-css-av-le4x31u6-f1ac65d916a451a86f47a7fec115e106\">\n#top .av-special-heading.av-le4x31u6-f1ac65d916a451a86f47a7fec115e106{\npadding-bottom:10px;\n}\nbody .av-special-heading.av-le4x31u6-f1ac65d916a451a86f47a7fec115e106 .av-special-heading-tag .heading-char{\nfont-size:25px;\n}\n.av-special-heading.av-le4x31u6-f1ac65d916a451a86f47a7fec115e106 .av-subheading{\nfont-size:15px;\n}\n<\/style>\n<div  class='av-special-heading av-le4x31u6-f1ac65d916a451a86f47a7fec115e106 av-special-heading-h1  avia-builder-el-1  el_before_av_textblock  avia-builder-el-first '><h1 class='av-special-heading-tag '  itemprop=\"headline\"  >Pol\u00edtica de Privacidad, DMCA <span class='special_amp'>&amp;<\/span> Cookies de MindCrowd<\/h1><div class=\"special-heading-border\"><div class=\"special-heading-inner-border\"><\/div><\/div><\/div>\n<section  class='av_textblock_section av-le4x3o5o-d2599774951fa52713d856a3951606dc '   itemscope=\"itemscope\" itemtype=\"https:\/\/schema.org\/CreativeWork\" ><div class='avia_textblock'  itemprop=\"text\" ><blockquote>\n<p>Este test de la memoria es parte de un estudio de investigaci\u00f3n realizado por el Dr. Matthew Huentelman en el Instituto de Gen\u00f3mica Traslacional (o TGen) ubicado en Phoenix, Arizona.<\/p>\n<\/blockquote>\n<p>El prop\u00f3sito de este proyecto de investigaci\u00f3n cient\u00edfico es llegar a comprender los factores que afectan la memoria humana. Tales como su estilo de vida, su historial m\u00e9dico familiar y su composici\u00f3n gen\u00e9tica. Tambi\u00e9n buscamos entender el proceso de la memoria con el paso de los a\u00f1os. Al comprender como cambia y evoluciona la memoria en las personas sanas, podremos llegar a identificar los cambios que ocurren en las personas que padecen de enfermedades que afectan la memoria (como la enfermedad de Alzheimer).<\/p>\n<p style=\"text-align: center;\"><strong>No compartiremos ninguna informaci\u00f3n que nos proporcione. Toda su informaci\u00f3n se guarda en una base de datos segura y confidencial.<\/strong><\/p>\n<p class=\"p1\" style=\"text-align: center;\"><strong>Nunca venderemos su informaci\u00f3n personal y solo utilizamos cookies estrictamente necesarias para el funcionamiento del sitio web.<\/strong><\/p>\n<p>Si decide darnos su nombre y direcci\u00f3n de correo electr\u00f3nico, estos se guardar\u00e1n en forma separada de sus otros datos personales y de los resultados de su test. Los nombres y las direcciones de correo electr\u00f3nico son guardados en servidores seguros administrados por un proveedor externo para poder comunicarnos con usted segura y eficazmente.<\/p>\n<p>Nuestro proveedor de servicios de correo electr\u00f3nico no se comunicar\u00e1 con usted ni compartir\u00e1 su informaci\u00f3n. Todas nuestras bases de datos est\u00e1n protegidas con contrase\u00f1a y son seguras. Nadie puede identificarle sin tener acceso a ambas bases de datos.<\/p>\n<h2>\u00bfY si cambio de opini\u00f3n y no quiero participar m\u00e1s en el estudio?<\/h2>\n<p>Su participaci\u00f3n en este estudio es completamente voluntaria. Usted puede dejar de participar en cualquier etapa de la investigaci\u00f3n. Puede contactarse con el coordinador enviando un correo electr\u00f3nico a crc@tgen.org para solicitar retirar sus datos del estudio.<\/p>\n<h2>\u00bfY si tengo dudas o comentarios?<\/h2>\n<p>Si tiene alguna duda, queja o comentario acerca de esta actividad, por favor, cont\u00e1ctese con el Dr. Matt Huentelman escribiendo a mhuentelman@tgen.org. Por favor, <a href=\"https:\/\/tgen.org\/faculty-profiles\/matt-huentelman\/\" target=\"_blank\" rel=\"noopener\">visite esta p\u00e1gina web<\/a> para conocer a las personas involucradas en esta investigaci\u00f3n.<\/p>\n<h2>\u00bfY si tengo dudas sobre mis derechos en esta investigaci\u00f3n, tengo una queja o quiero informar un problema a alguien que no sea el que lidera la investigaci\u00f3n?<\/h2>\n<p>Si tiene alguna duda sobre sus derechos en este estudio de investigaci\u00f3n cient\u00edfica, una queja o desea reportar un problema, por favor, cont\u00e1ctese con el Western Institutional Review Board:<\/p>\n<p>Help@wirb.com o<\/p>\n<p>Tel\u00e9fonos: 1-800-562-4789 o 360-252-2500<\/p>\n<p>El WIRB es un grupo de personas que realiza revisiones independientes de investigaciones cient\u00edficas.<\/p>\n<p>Si tiene preguntas, dudas, sugerencias, o quejas que no puedan ser respondidas por el equipo de investigaci\u00f3n, o en caso de sufrir alg\u00fan da\u00f1o relacionado con la investigaci\u00f3n, por favor, cont\u00e1ctese con la Oficina de Cumplimiento Normativo de la Investigaci\u00f3n (Office of Research Compliance) de TGen escribiendo a irb@tgen.org.<\/p>\n<\/div><\/section>\n<div  class='avia-builder-widget-area clearfix  avia-builder-el-3  el_after_av_textblock  avia-builder-el-last '><div id=\"text-4\" class=\"widget clearfix widget_text\">\t\t\t<div class=\"textwidget\"><p><a class=\"iubenda-white no-brand iubenda-embed iub-body-embed\" title=\"Privacy Policy\" href=\"https:\/\/www.iubenda.com\/privacy-policy\/79821403\">Privacy Policy<\/a> <script type=\"text\/javascript\">(function (w,d) {var loader = function () {var s = d.createElement(\"script\"), tag = d.getElementsByTagName(\"script\")[0]; s.src=\"https:\/\/cdn.iubenda.com\/iubenda.js\"; tag.parentNode.insertBefore(s,tag);}; if(w.addEventListener){w.addEventListener(\"load\", loader, false);}else if(w.attachEvent){w.attachEvent(\"onload\", loader);}else{w.onload = loader;}})(window, document);<\/script><\/p>\n<\/div>\n\t\t<\/div><\/div>\n\n","protected":false},"excerpt":{"rendered":"","protected":false},"author":5,"featured_media":298,"parent":0,"menu_order":0,"comment_status":"closed","ping_status":"closed","template":"","meta":{"footnotes":""},"class_list":["post-134","page","type-page","status-publish","has-post-thumbnail","hentry"],"yoast_head":"<!-- This site is optimized with the Yoast SEO plugin v27.1.1 - https:\/\/yoast.com\/product\/yoast-seo-wordpress\/ -->\n<title>Pol\u00edtica de privacidad MindCrowd \u2022\u00a0DMCA \u2022\u00a0Cookies<\/title>\n<meta name=\"description\" content=\"Pol\u00edtica de privacidad MindCrowd: Respetamos su privacidad. Nunca compartiremos su informaci\u00f3n. Toda la informaci\u00f3n se almacena en bases de datos seguras y confidenciales\" \/>\n<meta name=\"robots\" content=\"index, follow, max-snippet:-1, max-image-preview:large, max-video-preview:-1\" \/>\n<link rel=\"canonical\" href=\"https:\/\/mindcrowd.org\/es\/politica-de-privacidad\/\" \/>\n<meta property=\"og:locale\" content=\"es_ES\" \/>\n<meta property=\"og:type\" content=\"article\" \/>\n<meta property=\"og:title\" content=\"Pol\u00edtica de privacidad MindCrowd \u2022\u00a0DMCA \u2022\u00a0Cookies\" \/>\n<meta property=\"og:description\" content=\"Pol\u00edtica de privacidad MindCrowd: Respetamos su privacidad. Nunca compartiremos su informaci\u00f3n. Toda la informaci\u00f3n se almacena en bases de datos seguras y confidenciales\" \/>\n<meta property=\"og:url\" content=\"https:\/\/mindcrowd.org\/es\/politica-de-privacidad\/\" \/>\n<meta property=\"og:site_name\" content=\"MindCrowd Test de Memoria\" \/>\n<meta property=\"article:publisher\" content=\"https:\/\/www.facebook.com\/MindcrowdLatino\/\" \/>\n<meta property=\"article:modified_time\" content=\"2024-10-19T21:56:30+00:00\" \/>\n<meta property=\"og:image\" content=\"https:\/\/mindcrowd.org\/es\/wp-content\/uploads\/sites\/2\/2024\/10\/equipo-mindcrowd-envejecimiento-precision.jpg\" \/>\n\t<meta property=\"og:image:width\" content=\"500\" \/>\n\t<meta property=\"og:image:height\" content=\"500\" \/>\n\t<meta property=\"og:image:type\" content=\"image\/jpeg\" \/>\n<meta name=\"twitter:card\" content=\"summary_large_image\" \/>\n<meta name=\"twitter:site\" content=\"@tgenmindcrowd\" \/>\n<script type=\"application\/ld+json\" class=\"yoast-schema-graph\">{\"@context\":\"https:\/\/schema.org\",\"@graph\":[{\"@type\":\"WebPage\",\"@id\":\"https:\/\/mindcrowd.org\/es\/politica-de-privacidad\/\",\"url\":\"https:\/\/mindcrowd.org\/es\/politica-de-privacidad\/\",\"name\":\"Pol\u00edtica de privacidad MindCrowd \u2022\u00a0DMCA \u2022\u00a0Cookies\",\"isPartOf\":{\"@id\":\"https:\/\/mindcrowd.org\/es\/#website\"},\"primaryImageOfPage\":{\"@id\":\"https:\/\/mindcrowd.org\/es\/politica-de-privacidad\/#primaryimage\"},\"image\":{\"@id\":\"https:\/\/mindcrowd.org\/es\/politica-de-privacidad\/#primaryimage\"},\"thumbnailUrl\":\"https:\/\/mindcrowd.org\/es\/wp-content\/uploads\/sites\/2\/2024\/10\/equipo-mindcrowd-envejecimiento-precision.jpg\",\"datePublished\":\"2023-02-15T00:50:16+00:00\",\"dateModified\":\"2024-10-19T21:56:30+00:00\",\"description\":\"Pol\u00edtica de privacidad MindCrowd: Respetamos su privacidad. Nunca compartiremos su informaci\u00f3n. Toda la informaci\u00f3n se almacena en bases de datos seguras y confidenciales\",\"breadcrumb\":{\"@id\":\"https:\/\/mindcrowd.org\/es\/politica-de-privacidad\/#breadcrumb\"},\"inLanguage\":\"es\",\"potentialAction\":[{\"@type\":\"ReadAction\",\"target\":[\"https:\/\/mindcrowd.org\/es\/politica-de-privacidad\/\"]}]},{\"@type\":\"ImageObject\",\"inLanguage\":\"es\",\"@id\":\"https:\/\/mindcrowd.org\/es\/politica-de-privacidad\/#primaryimage\",\"url\":\"https:\/\/mindcrowd.org\/es\/wp-content\/uploads\/sites\/2\/2024\/10\/equipo-mindcrowd-envejecimiento-precision.jpg\",\"contentUrl\":\"https:\/\/mindcrowd.org\/es\/wp-content\/uploads\/sites\/2\/2024\/10\/equipo-mindcrowd-envejecimiento-precision.jpg\",\"width\":500,\"height\":500,\"caption\":\"Equipo MindCrowd. Precision Aging Network - Envejecimiento de Precision. TGen, University of Arizona, City of Hope National Medical Center, University of Miami, Johns Hopkins University, Georgia Tech, Emory University, Baylor College of Medicine, Georgia State University, Arizona State University.\"},{\"@type\":\"BreadcrumbList\",\"@id\":\"https:\/\/mindcrowd.org\/es\/politica-de-privacidad\/#breadcrumb\",\"itemListElement\":[{\"@type\":\"ListItem\",\"position\":1,\"name\":\"Inicio\",\"item\":\"https:\/\/mindcrowd.org\/es\/\"},{\"@type\":\"ListItem\",\"position\":2,\"name\":\"Pol\u00edtica de Privacidad\"}]},{\"@type\":\"WebSite\",\"@id\":\"https:\/\/mindcrowd.org\/es\/#website\",\"url\":\"https:\/\/mindcrowd.org\/es\/\",\"name\":\"MindCrowd Test de Memoria\",\"description\":\"Proyecto MindCrowd \u2022\u00a0Investigaci\u00f3n Cient\u00edfica de la Memoria y el Cerebro\",\"publisher\":{\"@id\":\"https:\/\/mindcrowd.org\/es\/#organization\"},\"alternateName\":\"MindCrowd\",\"potentialAction\":[{\"@type\":\"SearchAction\",\"target\":{\"@type\":\"EntryPoint\",\"urlTemplate\":\"https:\/\/mindcrowd.org\/es\/?s={search_term_string}\"},\"query-input\":{\"@type\":\"PropertyValueSpecification\",\"valueRequired\":true,\"valueName\":\"search_term_string\"}}],\"inLanguage\":\"es\"},{\"@type\":\"Organization\",\"@id\":\"https:\/\/mindcrowd.org\/es\/#organization\",\"name\":\"MindCrowd\",\"url\":\"https:\/\/mindcrowd.org\/es\/\",\"logo\":{\"@type\":\"ImageObject\",\"inLanguage\":\"es\",\"@id\":\"https:\/\/mindcrowd.org\/es\/#\/schema\/logo\/image\/\",\"url\":\"https:\/\/mindcrowd.org\/es\/wp-content\/uploads\/sites\/2\/2022\/10\/mindcrowd.png\",\"contentUrl\":\"https:\/\/mindcrowd.org\/es\/wp-content\/uploads\/sites\/2\/2022\/10\/mindcrowd.png\",\"width\":328,\"height\":79,\"caption\":\"MindCrowd\"},\"image\":{\"@id\":\"https:\/\/mindcrowd.org\/es\/#\/schema\/logo\/image\/\"},\"sameAs\":[\"https:\/\/www.facebook.com\/MindcrowdLatino\/\",\"https:\/\/x.com\/tgenmindcrowd\",\"https:\/\/www.pinterest.com\/tgenmindcrowd\/\",\"https:\/\/www.youtube.com\/@MindCrowd\",\"https:\/\/bsky.app\/profile\/mindcrowd.bsky.social\"]}]}<\/script>\n<!-- \/ Yoast SEO plugin. -->","yoast_head_json":{"title":"Pol\u00edtica de privacidad MindCrowd \u2022\u00a0DMCA \u2022\u00a0Cookies","description":"Pol\u00edtica de privacidad MindCrowd: Respetamos su privacidad. Nunca compartiremos su informaci\u00f3n. Toda la informaci\u00f3n se almacena en bases de datos seguras y confidenciales","robots":{"index":"index","follow":"follow","max-snippet":"max-snippet:-1","max-image-preview":"max-image-preview:large","max-video-preview":"max-video-preview:-1"},"canonical":"https:\/\/mindcrowd.org\/es\/politica-de-privacidad\/","og_locale":"es_ES","og_type":"article","og_title":"Pol\u00edtica de privacidad MindCrowd \u2022\u00a0DMCA \u2022\u00a0Cookies","og_description":"Pol\u00edtica de privacidad MindCrowd: Respetamos su privacidad. Nunca compartiremos su informaci\u00f3n. Toda la informaci\u00f3n se almacena en bases de datos seguras y confidenciales","og_url":"https:\/\/mindcrowd.org\/es\/politica-de-privacidad\/","og_site_name":"MindCrowd Test de Memoria","article_publisher":"https:\/\/www.facebook.com\/MindcrowdLatino\/","article_modified_time":"2024-10-19T21:56:30+00:00","og_image":[{"width":500,"height":500,"url":"https:\/\/mindcrowd.org\/es\/wp-content\/uploads\/sites\/2\/2024\/10\/equipo-mindcrowd-envejecimiento-precision.jpg","type":"image\/jpeg"}],"twitter_card":"summary_large_image","twitter_site":"@tgenmindcrowd","schema":{"@context":"https:\/\/schema.org","@graph":[{"@type":"WebPage","@id":"https:\/\/mindcrowd.org\/es\/politica-de-privacidad\/","url":"https:\/\/mindcrowd.org\/es\/politica-de-privacidad\/","name":"Pol\u00edtica de privacidad MindCrowd \u2022\u00a0DMCA \u2022\u00a0Cookies","isPartOf":{"@id":"https:\/\/mindcrowd.org\/es\/#website"},"primaryImageOfPage":{"@id":"https:\/\/mindcrowd.org\/es\/politica-de-privacidad\/#primaryimage"},"image":{"@id":"https:\/\/mindcrowd.org\/es\/politica-de-privacidad\/#primaryimage"},"thumbnailUrl":"https:\/\/mindcrowd.org\/es\/wp-content\/uploads\/sites\/2\/2024\/10\/equipo-mindcrowd-envejecimiento-precision.jpg","datePublished":"2023-02-15T00:50:16+00:00","dateModified":"2024-10-19T21:56:30+00:00","description":"Pol\u00edtica de privacidad MindCrowd: Respetamos su privacidad. Nunca compartiremos su informaci\u00f3n. Toda la informaci\u00f3n se almacena en bases de datos seguras y confidenciales","breadcrumb":{"@id":"https:\/\/mindcrowd.org\/es\/politica-de-privacidad\/#breadcrumb"},"inLanguage":"es","potentialAction":[{"@type":"ReadAction","target":["https:\/\/mindcrowd.org\/es\/politica-de-privacidad\/"]}]},{"@type":"ImageObject","inLanguage":"es","@id":"https:\/\/mindcrowd.org\/es\/politica-de-privacidad\/#primaryimage","url":"https:\/\/mindcrowd.org\/es\/wp-content\/uploads\/sites\/2\/2024\/10\/equipo-mindcrowd-envejecimiento-precision.jpg","contentUrl":"https:\/\/mindcrowd.org\/es\/wp-content\/uploads\/sites\/2\/2024\/10\/equipo-mindcrowd-envejecimiento-precision.jpg","width":500,"height":500,"caption":"Equipo MindCrowd. Precision Aging Network - Envejecimiento de Precision. TGen, University of Arizona, City of Hope National Medical Center, University of Miami, Johns Hopkins University, Georgia Tech, Emory University, Baylor College of Medicine, Georgia State University, Arizona State University."},{"@type":"BreadcrumbList","@id":"https:\/\/mindcrowd.org\/es\/politica-de-privacidad\/#breadcrumb","itemListElement":[{"@type":"ListItem","position":1,"name":"Inicio","item":"https:\/\/mindcrowd.org\/es\/"},{"@type":"ListItem","position":2,"name":"Pol\u00edtica de Privacidad"}]},{"@type":"WebSite","@id":"https:\/\/mindcrowd.org\/es\/#website","url":"https:\/\/mindcrowd.org\/es\/","name":"MindCrowd Test de Memoria","description":"Proyecto MindCrowd \u2022\u00a0Investigaci\u00f3n Cient\u00edfica de la Memoria y el Cerebro","publisher":{"@id":"https:\/\/mindcrowd.org\/es\/#organization"},"alternateName":"MindCrowd","potentialAction":[{"@type":"SearchAction","target":{"@type":"EntryPoint","urlTemplate":"https:\/\/mindcrowd.org\/es\/?s={search_term_string}"},"query-input":{"@type":"PropertyValueSpecification","valueRequired":true,"valueName":"search_term_string"}}],"inLanguage":"es"},{"@type":"Organization","@id":"https:\/\/mindcrowd.org\/es\/#organization","name":"MindCrowd","url":"https:\/\/mindcrowd.org\/es\/","logo":{"@type":"ImageObject","inLanguage":"es","@id":"https:\/\/mindcrowd.org\/es\/#\/schema\/logo\/image\/","url":"https:\/\/mindcrowd.org\/es\/wp-content\/uploads\/sites\/2\/2022\/10\/mindcrowd.png","contentUrl":"https:\/\/mindcrowd.org\/es\/wp-content\/uploads\/sites\/2\/2022\/10\/mindcrowd.png","width":328,"height":79,"caption":"MindCrowd"},"image":{"@id":"https:\/\/mindcrowd.org\/es\/#\/schema\/logo\/image\/"},"sameAs":["https:\/\/www.facebook.com\/MindcrowdLatino\/","https:\/\/x.com\/tgenmindcrowd","https:\/\/www.pinterest.com\/tgenmindcrowd\/","https:\/\/www.youtube.com\/@MindCrowd","https:\/\/bsky.app\/profile\/mindcrowd.bsky.social"]}]}},"_links":{"self":[{"href":"https:\/\/mindcrowd.org\/es\/wp-json\/wp\/v2\/pages\/134","targetHints":{"allow":["GET"]}}],"collection":[{"href":"https:\/\/mindcrowd.org\/es\/wp-json\/wp\/v2\/pages"}],"about":[{"href":"https:\/\/mindcrowd.org\/es\/wp-json\/wp\/v2\/types\/page"}],"author":[{"embeddable":true,"href":"https:\/\/mindcrowd.org\/es\/wp-json\/wp\/v2\/users\/5"}],"replies":[{"embeddable":true,"href":"https:\/\/mindcrowd.org\/es\/wp-json\/wp\/v2\/comments?post=134"}],"version-history":[{"count":0,"href":"https:\/\/mindcrowd.org\/es\/wp-json\/wp\/v2\/pages\/134\/revisions"}],"wp:featuredmedia":[{"embeddable":true,"href":"https:\/\/mindcrowd.org\/es\/wp-json\/wp\/v2\/media\/298"}],"wp:attachment":[{"href":"https:\/\/mindcrowd.org\/es\/wp-json\/wp\/v2\/media?parent=134"}],"curies":[{"name":"wp","href":"https:\/\/api.w.org\/{rel}","templated":true}]}}